{"id":94,"date":"2019-01-01T20:03:59","date_gmt":"2019-01-01T19:03:59","guid":{"rendered":"http:\/\/www.chaoswg.eu\/?page_id=94"},"modified":"2019-01-03T20:20:25","modified_gmt":"2019-01-03T19:20:25","slug":"happy","status":"publish","type":"page","link":"https:\/\/www.chaoswg.eu\/?page_id=94","title":{"rendered":"Happy"},"content":{"rendered":"\n<figure class=\"wp-block-image\"><img loading=\"lazy\" decoding=\"async\" width=\"4272\" height=\"2848\" src=\"http:\/\/www.chaoswg.eu\/wp-content\/uploads\/2019\/01\/IMG_3092.jpg\" alt=\"\" class=\"wp-image-226\"\/><figcaption>Happy<\/figcaption><\/figure>\n\n\n\n<p><strong>Das ist unsere Sch\u00e4ferhund &#8211; Podencomix H\u00fcndin Happy.<br>Sie ist am 01.04.2014 geboren.<br>Happy kommt aus dem Spanischen Tierschutz.<br>Sie war bereits schon in Deutschland. Ist Weihnachten 2017 von ihrem Zuhause abgehauen. Sie<\/strong> <strong>wurde aufgegriffen, die Besitzer bekamen sie nicht zur\u00fcck, da sie sich nicht richtig k\u00fcmmerten.<br>Ich war dort bereits PS f\u00fcr Spanische Hunde, nur konnte ich sie in der Zeit leider nicht nehmen.<br>Sie kam also auf eine andere PS.<br>Im Februar dann der Aufruf, wer Happy nehmen kann.<br>Ich war in derzeit frei, also beschloss ich, sie zu mir zu nehmen.<br>Am 17.02.2018 kam sie also zu uns auf PS.<br>Sie war ein R\u00fcpel, bellte alle Hunde an der Leine an und zog an der Leine, wie ein Walr\u00f6sschen.<br>Unsere Aufgabe war also sie zu trainieren und fit zu machen, damit sie nicht wieder ihr Zuhause, dass wir f\u00fcr sie suchen, verliert.<br>Im April dann die wende, es meldete sich n\u00e4mlich nur eine Anf\u00e4ngerin f\u00fcr sie, wo wir sie nicht sahen. Wir beschlossen also sie zu behalten.<br>Sie macht unser Rudel perfekt \ud83d\ude42<br>Sie hat sehr viel Energie und braucht es zu laufen.<br>Noch immer sind wir dran mit ihr zu arbeiten, dass sie an der Leine gut l\u00e4uft und auch das an der Leine andere Hunde anr\u00fcpeln muss man erstmal wegbekommen.<br>Wie sagte unsere Trainerin zu uns? Es dauert doppelt solange es weg zubekommen, wie es ankam&#8230; Gute Voraussichten f\u00fcr 4 Jahre \ud83d\ude00<br>Wir lieben sie und sie macht uns echt Spa\u00df<br>Derzeit \u00fcben wir auch zur Begleithundepr\u00fcfung hin.<\/strong><\/p>\n\n\n\n<p><strong>Hobbys:<br>Mantrailing<br>Toben<br>Unterordnung<br>Stadtg\u00e4nge<br>Uns auf die nerven gehen \ud83d\ude00<\/strong><\/p>\n","protected":false},"excerpt":{"rendered":"<p>Das ist unsere Sch\u00e4ferhund &#8211; Podencomix H\u00fcndin Happy.Sie ist am 01.04.2014 geboren.Happy kommt aus dem Spanischen Tierschutz.Sie war bereits schon in Deutschland. Ist Weihnachten 2017 von ihrem Zuhause abgehauen. Sie wurde aufgegriffen, die Besitzer bekamen sie nicht zur\u00fcck, da sie sich nicht richtig k\u00fcmmerten.Ich war dort bereits PS f\u00fcr Spanische Hunde, nur konnte ich sie [&hellip;]<\/p>\n","protected":false},"author":4,"featured_media":0,"parent":58,"menu_order":3,"comment_status":"closed","ping_status":"closed","template":"","meta":{"footnotes":""},"class_list":["post-94","page","type-page","status-publish","hentry"],"_links":{"self":[{"href":"https:\/\/www.chaoswg.eu\/index.php?rest_route=\/wp\/v2\/pages\/94","targetHints":{"allow":["GET"]}}],"collection":[{"href":"https:\/\/www.chaoswg.eu\/index.php?rest_route=\/wp\/v2\/pages"}],"about":[{"href":"https:\/\/www.chaoswg.eu\/index.php?rest_route=\/wp\/v2\/types\/page"}],"author":[{"embeddable":true,"href":"https:\/\/www.chaoswg.eu\/index.php?rest_route=\/wp\/v2\/users\/4"}],"replies":[{"embeddable":true,"href":"https:\/\/www.chaoswg.eu\/index.php?rest_route=%2Fwp%2Fv2%2Fcomments&post=94"}],"version-history":[{"count":3,"href":"https:\/\/www.chaoswg.eu\/index.php?rest_route=\/wp\/v2\/pages\/94\/revisions"}],"predecessor-version":[{"id":685,"href":"https:\/\/www.chaoswg.eu\/index.php?rest_route=\/wp\/v2\/pages\/94\/revisions\/685"}],"up":[{"embeddable":true,"href":"https:\/\/www.chaoswg.eu\/index.php?rest_route=\/wp\/v2\/pages\/58"}],"wp:attachment":[{"href":"https:\/\/www.chaoswg.eu\/index.php?rest_route=%2Fwp%2Fv2%2Fmedia&parent=94"}],"curies":[{"name":"wp","href":"https:\/\/api.w.org\/{rel}","templated":true}]}}