{"id":796,"date":"2019-01-21T08:49:16","date_gmt":"2019-01-21T07:49:16","guid":{"rendered":"http:\/\/www.chaoswg.eu\/?page_id=796"},"modified":"2019-01-21T09:21:10","modified_gmt":"2019-01-21T08:21:10","slug":"opa-ruhe-in-frieden","status":"publish","type":"page","link":"https:\/\/www.chaoswg.eu\/?page_id=796","title":{"rendered":"Opa, ruhe in Frieden"},"content":{"rendered":"\n<p><strong>Lieber Opa,<br>Im April 2018 kamst du zu uns. Deine Menschen erz\u00e4hlten uns das du gesund seiest Gesund au\u00dfer deiner Leishmaniose.<\/strong><\/p>\n\n\n\n<p><strong>Als du dann ankamst, warst du rappeld\u00fcrr, hattest an manchen Orten am K\u00f6rper Knoten, konntest nicht gut laufen, hattest Angst. Alles war neu f\u00fcr dich&#8230;<\/strong><\/p>\n\n\n\n<p><strong>Wir haben nicht mal Medikamente f\u00fcr dich mitbekommen, was man mir sagte..<\/strong><\/p>\n\n\n\n<p><strong>Wir gingen dann  ein paar Tage sp\u00e4ter zum Arzt. Lie\u00dfen dich durchchecken und fanden vieles raus. Auch in dem Jahr mussten wir immer wieder zum Arzt<\/strong><\/p>\n\n\n\n<p><strong>Demenz, Ein nicht gut verheilter Bruch, Spondylose, Herz, Niere usw stellten sich in dem Jahr raus. Du warst also unser kleiner s\u00fc\u00dfer Gartenzwerg &#8211; Gartenhund. Da du nicht mehr so viele Gassig\u00e4nge machen durftest, ansonsten bist du die anderen Tage immer umgekippt, wenn wir mal sch\u00f6ne Gassirunden gingen. Lange hat dir der Arzt nicht gegeben, war immer froh, dich wieder nach Hause schicken zu d\u00fcrfen &#8211; LEBEND.<\/strong><\/p>\n\n\n\n<p><strong>Trotzdem machten wir dir das Leben noch so sch\u00f6n wie m\u00f6glich. Kuschelten viel, sind oft mit dem Bulli unterwegs gewesen, \u00fcber Nacht und haben dir noch ein paar sch\u00f6ne Dinge gezeigt. Ich hoffe es waren trotzdem noch sch\u00f6ne Momente f\u00fcr dich. <\/strong><\/p>\n\n\n\n<p><strong>Du hast es geliebt, wenn neue Hunde bei uns waren. Warst dann immer ganz aufgeregt. Manche mochtest du so sehr das du immer bei Ihnen warst..<\/strong><\/p>\n\n\n\n<p><strong>Dann kam der Tag.. der 15.1.2019&#8230;Ich bin aus der Schule gekommen, habe mir die Jungs geschnappt, Choco und Quarto.. War wieder gekommen und hatte noch zeit also bin ich mit den M\u00e4dels Gassi gegangen.<\/strong><\/p>\n\n\n\n<p><strong>Als ich wieder kam der Schock&#8230;du lagst da&#8230;dachte du bist tot. Ich schnell hin zu dir, dich ger\u00fcttelt..du warst Steif. Habe deine Augen noch blinzeln gesehen&#8230;Habe dich hoch genommen&#8230;du standest auf&#8230;ich dich raus gebracht&#8230;du konntest kaum laufen, Geschweige denn pinkeln&#8230; ich den Tierarzt angerufen&#8230;hingefahren&#8230;wir sahen Blut&#8230;dachten an den Gr\u00fctzbeutel&#8230;dachten es seien deine Nieren&#8230;er Blut abgenommen&#8230;mich hat er nach Hause geschickt&#8230;2 Stunden sp\u00e4ter der Schock am Telefon&#8230;ein Hundebiss&#8230;Abends sollte ich kommen&#8230;<\/strong><\/p>\n\n\n\n<p><strong>Um 18 Uhr kamen wir an. Er sagte es sieht nicht gut aus. Er musste dich in Narkose verlegen, da du schmerzen hattest und sich dein K\u00f6rper erstmal beruhigen sollte. Der Biss war nicht das Grundlegende Problem, eher der Ort, wo du gebissen wurdest. Alles k\u00f6nnte sich entz\u00fcnden, es heilt schwer etc.. <\/strong><\/p>\n\n\n\n<p><strong>Wir mussten eine Entscheidung treffen, der Tierarzt hat geraten dich gehen zu lassen, denn es w\u00fcrde sehr lange dauern, schmerzen bereiten und durch deine Vorerkrankungen sei es besser, du gehst friedlich..<\/strong><\/p>\n\n\n\n<p><strong>Es tut mir so leid, so leid das ich dich allein zu Hause lie\u00df&#8230; Du warst mir sehr wichtig&#8230;ich\u00a0bin\u00a0aber\u00a0froh,\u00a0den\u00a0letzten\u00a0Schritt\u00a0mit\u00a0dir\u00a0gehen\u00a0zu\u00a0d\u00fcrfen.\u00a0Dich\u00a0nicht\u00a0allein\u00a0gelassen\u00a0zu\u00a0haben,\u00a0w\u00e4hrend\u00a0du\u00a0\u00fcber\u00a0die\u00a0Regenbogenbr\u00fccke\u00a0gegangen\u00a0bist.<\/strong><\/p>\n\n\n\n<p><strong>Nun ruhe in Frieden mein Engel..<\/strong><\/p>\n\n\n\n<p><strong>Ich Liebe dich und werde dich immer im Herzen behalten&#8230;<\/strong><\/p>\n\n\n\n<figure class=\"wp-block-image is-resized\"><img loading=\"lazy\" decoding=\"async\" src=\"http:\/\/www.chaoswg.eu\/wp-content\/uploads\/2019\/01\/IMG_3271-1.jpg\" alt=\"\" class=\"wp-image-799\" width=\"707\" height=\"471\"\/><\/figure>\n","protected":false},"excerpt":{"rendered":"<p>Lieber Opa,Im April 2018 kamst du zu uns. Deine Menschen erz\u00e4hlten uns das du gesund seiest Gesund au\u00dfer deiner Leishmaniose. Als du dann ankamst, warst du rappeld\u00fcrr, hattest an manchen Orten am K\u00f6rper Knoten, konntest nicht gut laufen, hattest Angst. Alles war neu f\u00fcr dich&#8230; Wir haben nicht mal Medikamente f\u00fcr dich mitbekommen, was man [&hellip;]<\/p>\n","protected":false},"author":4,"featured_media":0,"parent":598,"menu_order":0,"comment_status":"closed","ping_status":"closed","template":"","meta":{"footnotes":""},"class_list":["post-796","page","type-page","status-publish","hentry"],"_links":{"self":[{"href":"https:\/\/www.chaoswg.eu\/index.php?rest_route=\/wp\/v2\/pages\/796","targetHints":{"allow":["GET"]}}],"collection":[{"href":"https:\/\/www.chaoswg.eu\/index.php?rest_route=\/wp\/v2\/pages"}],"about":[{"href":"https:\/\/www.chaoswg.eu\/index.php?rest_route=\/wp\/v2\/types\/page"}],"author":[{"embeddable":true,"href":"https:\/\/www.chaoswg.eu\/index.php?rest_route=\/wp\/v2\/users\/4"}],"replies":[{"embeddable":true,"href":"https:\/\/www.chaoswg.eu\/index.php?rest_route=%2Fwp%2Fv2%2Fcomments&post=796"}],"version-history":[{"count":2,"href":"https:\/\/www.chaoswg.eu\/index.php?rest_route=\/wp\/v2\/pages\/796\/revisions"}],"predecessor-version":[{"id":820,"href":"https:\/\/www.chaoswg.eu\/index.php?rest_route=\/wp\/v2\/pages\/796\/revisions\/820"}],"up":[{"embeddable":true,"href":"https:\/\/www.chaoswg.eu\/index.php?rest_route=\/wp\/v2\/pages\/598"}],"wp:attachment":[{"href":"https:\/\/www.chaoswg.eu\/index.php?rest_route=%2Fwp%2Fv2%2Fmedia&parent=796"}],"curies":[{"name":"wp","href":"https:\/\/api.w.org\/{rel}","templated":true}]}}