{"id":763,"date":"2019-01-09T11:39:17","date_gmt":"2019-01-09T10:39:17","guid":{"rendered":"http:\/\/www.chaoswg.eu\/?page_id=763"},"modified":"2019-01-09T18:38:18","modified_gmt":"2019-01-09T17:38:18","slug":"warum-auslandshunden-helfen","status":"publish","type":"page","link":"https:\/\/www.chaoswg.eu\/?page_id=763","title":{"rendered":"Warum Auslandshunden helfen?"},"content":{"rendered":"\n<p><strong>Warum hilfst du den Hunden? Du nimmst immer wieder Hunden aus Deutschland die Chance auf ein Zuhause! Warum? Warum? Warum?<\/strong><\/p>\n\n\n\n<p><strong>Leute? Ihr geht mir auf den Keks. Sag ich euch was ihr tun und lassen sollt? Sag ich euch das ihr Menschen in anderen L\u00e4ndern nicht helfen sollt? Schon mal was von Meinungsfreiheit geh\u00f6rt? Nein? Das ist im Grundgesetz verankert. In DEUTSCHLAND! Jahaaa&#8230;<\/strong><\/p>\n\n\n\n<p><strong>Nein mal im ernst, warum ich helfe ist einfach, weil dort die Bedingungen schlechter sind als hier in Deutschland. In Deutschland kommen sie ins Tierheim, dort haben sie es meistens sehr gut. Was man vom Tierheim halt erwarten kann. In anderen L\u00e4ndern gibt es T\u00f6tungsstationen. Die Hunde haben dort keine Zeit. Nat\u00fcrlich muss auch dort in den L\u00e4ndern was passieren. Kastrationen etc&#8230;aber die Hunde die da sind, sind nun mal da und warum sollten sie leiden?<\/strong><\/p>\n\n\n\n<p><strong>Wir haben den Platz, haben die Zeit, haben den Spa\u00df daran und wollen was tun. Wollen die Welt f\u00fcr ein Tier ver\u00e4ndern. Ihm den Start in die neue Welt erleichtern. Ihnen alles zeigen. <\/strong><\/p>\n\n\n\n<p><strong>Bis sie dann irgendwann ein neues Zuhause haben. Bis sie ihre Couch haben, wo sie mit ihren Menschen drauf sitzen. Bis ihre Welt wieder sch\u00f6n ist. <\/strong><\/p>\n\n\n\n<p><strong>Wir k\u00f6nnen nat\u00fcrlich die Welt der Hunde nicht ganz heilen. Sie werden immer mit ihrem P\u00e4ckchen rumlaufen. Wir k\u00f6nnen aber es versuchen zu heilen, bis es nur noch eine blasse Erinnerung ist. Bis sie uns Menschen wieder vertrauen, auch wenn es nur wir sind, statt Fremden. Nein Fremden m\u00fcssen Hunde nicht vertrauen. Auch unsere Grace vertraut nur eine Hand voll Menschen. Das ist aber okay. Sie wurde verletzt. Von Menschen. In Spanien. <\/strong><\/p>\n\n\n\n<p><strong>Hunde in Spanien werden ganz oft geschlagen, misshandelt bis sie in der T\u00f6tung oder auf der Stra\u00dfe Landen. Nat\u00fcrlich nicht alle Hunde. Manche wachsen gut auf bis sie dann &#8222;\u00fcber&#8220; sind. <\/strong><\/p>\n\n\n\n<p><strong>In Deutschland passiert nat\u00fcrlich das gleiche auch mal. Au\u00dfer das sie nicht in der T\u00f6tung landen. Nur muss jeder seinen Verein und seine Priorit\u00e4ten f\u00fcr sich finden. \u00dcberall wird Hilfe gebraucht. In Deutschland und im Ausland. Bei Mensch und bei Tier. Also darf doch auch jeder das machen, was er m\u00f6chte oder? Wenn einer sagt &#8222;Mach das nicht&#8220; und die anderen h\u00f6ren drauf, dann wird sobald keiner mehr irgendwas machen. Und das w\u00e4re eine unsch\u00f6ne Welt. <\/strong><\/p>\n\n\n\n<p><strong>Darum, wenn du Bock hast.. such dir was aus.. was willst du machen? Wem willst du helfen? Setz dich mit dem jeweiligen Verein in Verbindung und dann los&#8230;mach was, auch wenn es nur ein bisschen ist. <\/strong><\/p>\n\n\n\n<p><strong>Wir k\u00f6nnen auch nicht allen helfen&#8230;Aber die Welt des einzelnen Hundes ist damit gerettet. Und das macht uns gl\u00fccklich. <\/strong><\/p>\n\n\n\n<p><strong>Das Gerede von den Leuten geht mir inzwischen ein Ohr rein, eins wieder raus \ud83d\ude00<\/strong><\/p>\n\n\n\n<p><strong>Also&#8230;vielleicht bis bald, bei Fritzdogs? \ud83d\ude09<\/strong><\/p>\n\n\n\n<ul class=\"wp-block-gallery columns-3 is-cropped wp-block-gallery-1 is-layout-flex wp-block-gallery-is-layout-flex\"><li class=\"blocks-gallery-item\"><figure><img loading=\"lazy\" decoding=\"async\" width=\"4272\" height=\"2848\" src=\"http:\/\/www.chaoswg.eu\/wp-content\/uploads\/2019\/01\/IMG_2554.jpg\" alt=\"\" data-id=\"772\" class=\"wp-image-772\"\/><\/figure><\/li><li class=\"blocks-gallery-item\"><figure><img loading=\"lazy\" decoding=\"async\" width=\"4272\" height=\"2848\" src=\"http:\/\/www.chaoswg.eu\/wp-content\/uploads\/2019\/01\/IMG_2737.jpg\" alt=\"\" data-id=\"775\" data-link=\"http:\/\/www.chaoswg.eu\/?attachment_id=775\" class=\"wp-image-775\"\/><\/figure><\/li><li class=\"blocks-gallery-item\"><figure><img loading=\"lazy\" decoding=\"async\" width=\"4272\" height=\"2848\" src=\"http:\/\/www.chaoswg.eu\/wp-content\/uploads\/2019\/01\/IMG_2484.jpg\" alt=\"\" data-id=\"778\" data-link=\"http:\/\/www.chaoswg.eu\/?attachment_id=778\" class=\"wp-image-778\"\/><\/figure><\/li><\/ul>\n","protected":false},"excerpt":{"rendered":"<p>Warum hilfst du den Hunden? Du nimmst immer wieder Hunden aus Deutschland die Chance auf ein Zuhause! Warum? Warum? Warum? Leute? Ihr geht mir auf den Keks. Sag ich euch was ihr tun und lassen sollt? Sag ich euch das ihr Menschen in anderen L\u00e4ndern nicht helfen sollt? Schon mal was von Meinungsfreiheit geh\u00f6rt? Nein? [&hellip;]<\/p>\n","protected":false},"author":4,"featured_media":0,"parent":598,"menu_order":0,"comment_status":"closed","ping_status":"closed","template":"","meta":{"footnotes":""},"class_list":["post-763","page","type-page","status-publish","hentry"],"_links":{"self":[{"href":"https:\/\/www.chaoswg.eu\/index.php?rest_route=\/wp\/v2\/pages\/763","targetHints":{"allow":["GET"]}}],"collection":[{"href":"https:\/\/www.chaoswg.eu\/index.php?rest_route=\/wp\/v2\/pages"}],"about":[{"href":"https:\/\/www.chaoswg.eu\/index.php?rest_route=\/wp\/v2\/types\/page"}],"author":[{"embeddable":true,"href":"https:\/\/www.chaoswg.eu\/index.php?rest_route=\/wp\/v2\/users\/4"}],"replies":[{"embeddable":true,"href":"https:\/\/www.chaoswg.eu\/index.php?rest_route=%2Fwp%2Fv2%2Fcomments&post=763"}],"version-history":[{"count":5,"href":"https:\/\/www.chaoswg.eu\/index.php?rest_route=\/wp\/v2\/pages\/763\/revisions"}],"predecessor-version":[{"id":790,"href":"https:\/\/www.chaoswg.eu\/index.php?rest_route=\/wp\/v2\/pages\/763\/revisions\/790"}],"up":[{"embeddable":true,"href":"https:\/\/www.chaoswg.eu\/index.php?rest_route=\/wp\/v2\/pages\/598"}],"wp:attachment":[{"href":"https:\/\/www.chaoswg.eu\/index.php?rest_route=%2Fwp%2Fv2%2Fmedia&parent=763"}],"curies":[{"name":"wp","href":"https:\/\/api.w.org\/{rel}","templated":true}]}}