{"id":754,"date":"2019-01-03T20:47:43","date_gmt":"2019-01-03T19:47:43","guid":{"rendered":"http:\/\/www.chaoswg.eu\/?page_id=754"},"modified":"2023-06-04T16:18:17","modified_gmt":"2023-06-04T15:18:17","slug":"aktuelles","status":"publish","type":"page","link":"https:\/\/www.chaoswg.eu\/?page_id=754","title":{"rendered":"Fritz Dogs Espa\u00f1a"},"content":{"rendered":"\n<p><strong>Fritz Dogs Espa\u00f1a<\/strong>\u00a0 ist seit Oktober 2013 offiziell in Spanien als Tierschutzverein eingetragen.<\/p>\n\n\n\n<figure class=\"wp-block-gallery has-nested-images columns-default is-cropped wp-block-gallery-1 is-layout-flex wp-block-gallery-is-layout-flex\">\n<figure class=\"wp-block-image size-large\"><img loading=\"lazy\" decoding=\"async\" width=\"871\" height=\"1024\" data-id=\"849\" src=\"https:\/\/www.chaoswg.eu\/wp-content\/uploads\/2023\/06\/339923903_191986823301220_1010844823820539728_n-871x1024.jpg\" alt=\"\" class=\"wp-image-849\" srcset=\"https:\/\/www.chaoswg.eu\/wp-content\/uploads\/2023\/06\/339923903_191986823301220_1010844823820539728_n-871x1024.jpg 871w, https:\/\/www.chaoswg.eu\/wp-content\/uploads\/2023\/06\/339923903_191986823301220_1010844823820539728_n-255x300.jpg 255w, https:\/\/www.chaoswg.eu\/wp-content\/uploads\/2023\/06\/339923903_191986823301220_1010844823820539728_n-768x903.jpg 768w, https:\/\/www.chaoswg.eu\/wp-content\/uploads\/2023\/06\/339923903_191986823301220_1010844823820539728_n-624x734.jpg 624w, https:\/\/www.chaoswg.eu\/wp-content\/uploads\/2023\/06\/339923903_191986823301220_1010844823820539728_n.jpg 1302w\" sizes=\"auto, (max-width: 871px) 100vw, 871px\" \/><\/figure>\n<\/figure>\n\n\n\n<p>Wann und wie alles angefangen hat bevor der Verein gegr\u00fcndet wurde, k\u00f6nnt ihr&nbsp;<a href=\"https:\/\/fritzdogs.de\/?page_id=40\">hier<\/a>&nbsp;lesen.<\/p>\n\n\n\n<p>Die Mitglieder von Fritz Dogs haben es sich zur Aufgabe gemacht spanische Stra\u00dfenhunde aus der T\u00f6tungsstation Vinar\u00f3s zu retten und ihnen ein neues, liebevolles Zuhause zu suchen. Wir vermitteln Hunde an Endstellen und Pflegestellen in Spanien, \u00d6sterreich, Schweiz und vor allem in Deutschland.<\/p>\n\n\n\n<p><strong>KEINER UNSERER SCH\u00dcTZLINGE&nbsp;<\/strong><strong>SIEHT JEMALS WIEDER EIN TIERHEIM VON lNNEN!!!!<\/strong><\/p>\n\n\n\n<p>Durch Vor- und Nachkontrollen sowie durch einen Vertrag stellen wir sicher, dass es jedem Einzelnen gut geht und er nicht in falsche H\u00e4nde ger\u00e4t oder wieder in ein Tierheim abgegeben wird.<\/p>\n\n\n\n<figure class=\"wp-block-image\"><img decoding=\"async\" src=\"https:\/\/fritzdogs.de\/wp-content\/uploads\/2018\/09\/fdexpress.jpg\" alt=\"\" class=\"wp-image-288\"\/><figcaption class=\"wp-element-caption\">Unser vereinseigener Transporter<\/figcaption><\/figure>\n\n\n\n<p>Den\u00a0<strong>Transport<\/strong>\u00a0von Spanien nach Deutschland f\u00fchren wir\u00a0<strong>in Eigenregie<\/strong>\u00a0durch, oder mit einem Professionellen Fremdunternehmen, so k\u00f6nnen wir die \u201e<a href=\"https:\/\/fritzdogs.de\/?page_id=167\">Seesternchen<\/a>\u201c von der Perrera (T\u00f6tungsstation) bis in ihr neues Zuhause begleiten.<\/p>\n\n\n\n<p>In den letzten 9 Jahren haben wir schon<strong>&nbsp;\u00fcber 2500 \u201eNotfelle\u201c<\/strong>&nbsp;aus der T\u00f6tung&nbsp;<strong>gerettet<\/strong>&nbsp;und in ein neues Zuhause vermittelt. Wir sind gl\u00fccklich und stolz darauf, was wir bisher mit der Unterst\u00fctzung von all unseren Mitgliedern und Helfern erreicht haben. Das spornt uns an weiter zu machen.<\/p>\n\n\n\n<p>Jeder Hund hat eine Chance auf ein w\u00fcrdiges und sch\u00f6nes Leben verdient und daf\u00fcr k\u00e4mpfen wir hier vor Ort\u2026. jeden Tag. Wir nehmen kranke Hunde aus der T\u00f6tungsstation in Pflege, bis sie genesen sind und schenken ihnen ein neues Leben in einer neuen Familie. Auch Welpen, die zu schwach sind und im Zwinger sterben w\u00fcrden, werden liebevoll von Nora rund um die Uhr versorgt und liebevoll mit der Flasche aufgep\u00e4ppelt.<br>Oft flie\u00dfen Tr\u00e4nen, wenn es einer nicht geschafft hat oder man nicht mehr helfen konnte. Oft liegen die Nerven blank, weil es stressig und aufreibend ist.<\/p>\n\n\n\n<p>Aber all das ist vergessen, wenn man diese strahlenden Knopfaugen sieht und ihre gl\u00fccklichen neuen Familien. Wenn man die Liebe sieht, die ihnen geschenkt wird, die sie vorher nie hatten.<\/p>\n\n\n\n<p>Deswegen machen wir diese Arbeit.<br>Deswegen opfern wir so viel in unserem Leben, aber es lohnt sich und macht uns mehr als gl\u00fccklich.<\/p>\n\n\n\n<p>Bitte besucht unsere<strong>&nbsp;<a href=\"https:\/\/fritzdogs.de\/?page_id=352\">Galerie<\/a><\/strong>&nbsp;um aktuelle&nbsp;<strong>\u201eNotfelle\u201c<\/strong>&nbsp;sowie gerettete \u201e<a href=\"https:\/\/fritzdogs.de\/?page_id=167\">Seesternchen<\/a>\u201c zu sehen und unterhaltet euch mit uns per Chat in unserem Forum. Da wir sehr gern mit den vermittelten Hunden Kontakt halten m\u00f6chten, freuen wir uns \u00fcber jedes Foto bzw. Kommentar der FritzDogs Frauchen\/Herrchen.<\/p>\n\n\n\n<p>Leider ist diese Arbeit auch mit Kosten verbunden, die wir allein nicht tragen k\u00f6nnen.<br>Deshalb freuen wir uns \u00fcber Jeden, der diese Arbeit unterst\u00fctzen m\u00f6chte.<br><strong>Einzelheiten findet ihr\u00a0<a href=\"https:\/\/fritzdogs.de\/?page_id=563\">hier<\/a>.<\/strong><\/p>\n\n\n\n<p>lm Namen der \u201e<a href=\"https:\/\/fritzdogs.de\/?page_id=167\">Seesternchen<\/a>\u201c sagen wir DANKE !<\/p>\n","protected":false},"excerpt":{"rendered":"<p>Fritz Dogs Espa\u00f1a\u00a0 ist seit Oktober 2013 offiziell in Spanien als Tierschutzverein eingetragen. Wann und wie alles angefangen hat bevor der Verein gegr\u00fcndet wurde, k\u00f6nnt ihr&nbsp;hier&nbsp;lesen. Die Mitglieder von Fritz Dogs haben es sich zur Aufgabe gemacht spanische Stra\u00dfenhunde aus der T\u00f6tungsstation Vinar\u00f3s zu retten und ihnen ein neues, liebevolles Zuhause zu suchen. Wir vermitteln [&hellip;]<\/p>\n","protected":false},"author":4,"featured_media":0,"parent":0,"menu_order":0,"comment_status":"closed","ping_status":"closed","template":"","meta":{"footnotes":""},"class_list":["post-754","page","type-page","status-publish","hentry"],"_links":{"self":[{"href":"https:\/\/www.chaoswg.eu\/index.php?rest_route=\/wp\/v2\/pages\/754","targetHints":{"allow":["GET"]}}],"collection":[{"href":"https:\/\/www.chaoswg.eu\/index.php?rest_route=\/wp\/v2\/pages"}],"about":[{"href":"https:\/\/www.chaoswg.eu\/index.php?rest_route=\/wp\/v2\/types\/page"}],"author":[{"embeddable":true,"href":"https:\/\/www.chaoswg.eu\/index.php?rest_route=\/wp\/v2\/users\/4"}],"replies":[{"embeddable":true,"href":"https:\/\/www.chaoswg.eu\/index.php?rest_route=%2Fwp%2Fv2%2Fcomments&post=754"}],"version-history":[{"count":4,"href":"https:\/\/www.chaoswg.eu\/index.php?rest_route=\/wp\/v2\/pages\/754\/revisions"}],"predecessor-version":[{"id":850,"href":"https:\/\/www.chaoswg.eu\/index.php?rest_route=\/wp\/v2\/pages\/754\/revisions\/850"}],"wp:attachment":[{"href":"https:\/\/www.chaoswg.eu\/index.php?rest_route=%2Fwp%2Fv2%2Fmedia&parent=754"}],"curies":[{"name":"wp","href":"https:\/\/api.w.org\/{rel}","templated":true}]}}