{"id":67,"date":"2019-01-01T20:02:49","date_gmt":"2019-01-01T19:02:49","guid":{"rendered":"http:\/\/www.chaoswg.eu\/?page_id=67"},"modified":"2023-06-03T16:51:13","modified_gmt":"2023-06-03T15:51:13","slug":"startseite","status":"publish","type":"page","link":"https:\/\/www.chaoswg.eu\/","title":{"rendered":"Willkommen bei &#8222;Tierschutz verstehen&#8220; mit der ChaosWG&#8230;"},"content":{"rendered":"\n<figure class=\"wp-block-image\"><img loading=\"lazy\" decoding=\"async\" width=\"4272\" height=\"2848\" src=\"http:\/\/www.chaoswg.eu\/wp-content\/uploads\/2019\/01\/IMG_3059.jpg\" alt=\"\" class=\"wp-image-616\"\/><\/figure>\n\n\n\n<p class=\"has-medium-font-size\">Wir hei\u00dfen dich Herzlich Willkommen auf unserer kleinen Homepage.<\/p>\n\n\n\n<p class=\"has-medium-font-size\">Hier dreht sich alles um den Tierschutz<\/p>\n\n\n\n<p class=\"has-medium-font-size\">Hab viel spa\u00df beim Schn\u00fcffeln<\/p>\n\n\n\n<p class=\"has-medium-font-size\">Deine ChaosWG<br><\/p>\n\n\n\n<p class=\"has-medium-font-size\"><\/p>\n","protected":false},"excerpt":{"rendered":"<p>Wir hei\u00dfen dich Herzlich Willkommen auf unserer kleinen Homepage. Hier dreht sich alles um den Tierschutz Hab viel spa\u00df beim Schn\u00fcffeln Deine ChaosWG<\/p>\n","protected":false},"author":4,"featured_media":0,"parent":0,"menu_order":0,"comment_status":"closed","ping_status":"closed","template":"","meta":{"footnotes":""},"class_list":["post-67","page","type-page","status-publish","hentry"],"_links":{"self":[{"href":"https:\/\/www.chaoswg.eu\/index.php?rest_route=\/wp\/v2\/pages\/67","targetHints":{"allow":["GET"]}}],"collection":[{"href":"https:\/\/www.chaoswg.eu\/index.php?rest_route=\/wp\/v2\/pages"}],"about":[{"href":"https:\/\/www.chaoswg.eu\/index.php?rest_route=\/wp\/v2\/types\/page"}],"author":[{"embeddable":true,"href":"https:\/\/www.chaoswg.eu\/index.php?rest_route=\/wp\/v2\/users\/4"}],"replies":[{"embeddable":true,"href":"https:\/\/www.chaoswg.eu\/index.php?rest_route=%2Fwp%2Fv2%2Fcomments&post=67"}],"version-history":[{"count":8,"href":"https:\/\/www.chaoswg.eu\/index.php?rest_route=\/wp\/v2\/pages\/67\/revisions"}],"predecessor-version":[{"id":836,"href":"https:\/\/www.chaoswg.eu\/index.php?rest_route=\/wp\/v2\/pages\/67\/revisions\/836"}],"wp:attachment":[{"href":"https:\/\/www.chaoswg.eu\/index.php?rest_route=%2Fwp%2Fv2%2Fmedia&parent=67"}],"curies":[{"name":"wp","href":"https:\/\/api.w.org\/{rel}","templated":true}]}}