{"id":580,"date":"2019-01-02T22:43:08","date_gmt":"2019-01-02T21:43:08","guid":{"rendered":"http:\/\/www.chaoswg.eu\/?page_id=580"},"modified":"2019-01-03T20:15:40","modified_gmt":"2019-01-03T19:15:40","slug":"wer-bin-ich","status":"publish","type":"page","link":"https:\/\/www.chaoswg.eu\/?page_id=580","title":{"rendered":"Wer bin ich?"},"content":{"rendered":"\n<figure class=\"wp-block-image\"><img loading=\"lazy\" decoding=\"async\" width=\"640\" height=\"1136\" src=\"http:\/\/www.chaoswg.eu\/wp-content\/uploads\/2019\/01\/IMG_0587-1.png\" alt=\"\" class=\"wp-image-589\"\/><figcaption><em><strong>Manchmal muss das leben steinig sein, damit man den Horizont erblicken kann&#8230;<\/strong><\/em><\/figcaption><\/figure>\n\n\n\n<p><strong>Ja wer bin ich eigentlich?<br>Ich bin kuschelsklave, Spielsklave, Futtermaschine, \u00c4rztin, &#8222;Trainerin&#8220;&#8230;ach einfach das M\u00e4dchen f\u00fcr alles&#8230; \ud83d\ude00<br><\/strong><br><\/p>\n\n\n\n<p><strong>Mein Name ist Maike und ich wohne im Schleswig-Holstein. gepurzelt bin ich am 13.02.1995. Ich bin ehrlich&#8230;ich bin froh einen so Tierverr\u00fcckten Freund gefunden zu haben ;D Aber gleichzeitig froh das er mich auf den Teppich zur\u00fcck holt \ud83d\ude09<\/strong><\/p>\n\n\n\n<p><strong>Wenn es nach mit ginge h\u00e4tten wir einen Gnadenhof. Ein altes Bauernhaus mit viel Land&#8230; Tr\u00e4umen darf man ja wohl, oder? \ud83d\ude09<\/strong><\/p>\n\n\n\n<p><strong>Wir wohnen in einer Doppelhaush\u00e4lfte mit Garten. Reicht auch \ud83d\ude42<\/strong><\/p>\n\n\n\n<p><strong>Meine Hobbys sind&#8230;ja okay, eigentlich hab ich keine Hobbies mehr&#8230;mein Leben sind die Tiere, Fotografieren, Filmen und manchmal habe ich 5 Minuten..da verstecke ich mich im Bad um mal durchzuatmen *lach*<\/strong><\/p>\n\n\n\n<p><strong>Ich glaube ich werde immer so bleiben&#8230;verr\u00fcckt&#8230;aber irgendwer muss ja die knallk\u00f6pfe nehmen von Tieren. Besonders die r\u00fcpelhunde&#8230; <\/strong><\/p>\n\n\n\n<p><strong>Ja mit so R\u00fcpelhunden bekommt man auch mal Spr\u00fcche an den Kopf..aber mittlerweile habe ich auch welche f\u00fcr die, oder ich denk mir meinen teil und lass die Hunde  machen ;))<\/strong><\/p>\n\n\n\n<p><strong>Arbeiten&#8230;ja das tue ich auch noch&#8230;aber derzeit bin ich in Ausbildung. Ich werde hoffentlich bald Erzieherin und mache dann wieder mein Leben zum Beruf&#8230;Will tiergest\u00fctzte P\u00e4dagogik machen..also wieder Tiere&#8230; ja&#8230;denkt euch euren Teil \ud83d\ude00<\/strong><\/p>\n\n\n\n<p><strong>Eure Maike \ud83d\ude09<\/strong><\/p>\n\n\n\n<figure class=\"wp-block-image\"><img loading=\"lazy\" decoding=\"async\" width=\"960\" height=\"959\" src=\"http:\/\/www.chaoswg.eu\/wp-content\/uploads\/2019\/01\/48398078_1968873356501320_525103036616409088_n.jpg\" alt=\"\" class=\"wp-image-592\"\/><\/figure>\n","protected":false},"excerpt":{"rendered":"<p>Ja wer bin ich eigentlich?Ich bin kuschelsklave, Spielsklave, Futtermaschine, \u00c4rztin, &#8222;Trainerin&#8220;&#8230;ach einfach das M\u00e4dchen f\u00fcr alles&#8230; \ud83d\ude00 Mein Name ist Maike und ich wohne im Schleswig-Holstein. gepurzelt bin ich am 13.02.1995. Ich bin ehrlich&#8230;ich bin froh einen so Tierverr\u00fcckten Freund gefunden zu haben ;D Aber gleichzeitig froh das er mich auf den Teppich zur\u00fcck holt [&hellip;]<\/p>\n","protected":false},"author":4,"featured_media":0,"parent":0,"menu_order":0,"comment_status":"closed","ping_status":"closed","template":"","meta":{"footnotes":""},"class_list":["post-580","page","type-page","status-publish","hentry"],"_links":{"self":[{"href":"https:\/\/www.chaoswg.eu\/index.php?rest_route=\/wp\/v2\/pages\/580","targetHints":{"allow":["GET"]}}],"collection":[{"href":"https:\/\/www.chaoswg.eu\/index.php?rest_route=\/wp\/v2\/pages"}],"about":[{"href":"https:\/\/www.chaoswg.eu\/index.php?rest_route=\/wp\/v2\/types\/page"}],"author":[{"embeddable":true,"href":"https:\/\/www.chaoswg.eu\/index.php?rest_route=\/wp\/v2\/users\/4"}],"replies":[{"embeddable":true,"href":"https:\/\/www.chaoswg.eu\/index.php?rest_route=%2Fwp%2Fv2%2Fcomments&post=580"}],"version-history":[{"count":3,"href":"https:\/\/www.chaoswg.eu\/index.php?rest_route=\/wp\/v2\/pages\/580\/revisions"}],"predecessor-version":[{"id":709,"href":"https:\/\/www.chaoswg.eu\/index.php?rest_route=\/wp\/v2\/pages\/580\/revisions\/709"}],"wp:attachment":[{"href":"https:\/\/www.chaoswg.eu\/index.php?rest_route=%2Fwp%2Fv2%2Fmedia&parent=580"}],"curies":[{"name":"wp","href":"https:\/\/api.w.org\/{rel}","templated":true}]}}