{"id":538,"date":"2019-01-02T22:18:10","date_gmt":"2019-01-02T21:18:10","guid":{"rendered":"http:\/\/www.chaoswg.eu\/?page_id=538"},"modified":"2019-01-03T20:41:54","modified_gmt":"2019-01-03T19:41:54","slug":"fritzdogs","status":"publish","type":"page","link":"https:\/\/www.chaoswg.eu\/?page_id=538","title":{"rendered":"Fritzdogs"},"content":{"rendered":"\n<figure class=\"wp-block-image is-resized\"><img loading=\"lazy\" decoding=\"async\" src=\"http:\/\/www.chaoswg.eu\/wp-content\/uploads\/2019\/01\/cropped-logo-2.png\" alt=\"\" class=\"wp-image-559\" width=\"636\" height=\"170\"\/><\/figure>\n\n\n\n<p><strong>Fritz Dogs ist ein eingetragener Verein, der Hunde aus der Spanischen T\u00f6tung rausholt und diese in Deutschland und Spanien vermittelt. <br><br>Alle Hunde sind geimpft, entfloht, auf Mittelmeerkrankheiten getestet(Au\u00dfer Welpen), gechippt und zu 99%kastriert, solange sie alt genug sind \ud83d\ude42<\/strong><br><br><\/p>\n\n\n\n<p><strong>Wie kann ich Helfen:<\/strong><\/p>\n\n\n\n<p><strong>Pflegestellen:<\/strong><br><strong>Du hast Zeit?<br>Du hast Lust Hunden in ein neues Leben zu f\u00fchren?<br>Du hast viel Geduld und bist nicht sauer wenn Pipi mal daneben geht? <br>Dann sei ein Held und ver\u00e4ndere f\u00fcr ein Tier die Welt \ud83d\ude42<br>Pflegestellen bekommen Hunde vom Verein auf Zeit. Sie holen die Hunde ab, stellen sie ins Internet und vermitteln die Hunde. Bevor die Hunde in ihre neuen Familien kommen, lernt ihr sie kennen und macht eine Vorkontrolle:)<br>Es bringt einfach Spa\u00df, jeder Hund hat seinen eigenen Charakter und man merkt oft wie dankbar sie einem sind.<br>Also SEI EIN HELD! \ud83d\ude42<\/strong><\/p>\n\n\n\n<p><strong>Sach\/ -Geldspenden:<br>Du hast noch was rumliegen was dein Hund nicht frisst oder Zubeh\u00f6r was du nicht brauchst? Wir k\u00f6nnen es meistens gut gebrauchen.<br>Auch \u00fcber Geldspenden freut sich der Verein sehr, denn sie finanzieren sich am meisten durch Spenden.<\/strong><\/p>\n\n\n\n<p><strong>Teilen:<br>Teile die Hunde auf Facebook, mach Mundpropaganda wenn du h\u00f6rst, dass jemand einen Hund sucht. Jeder vermittelte Hund, macht Platz f\u00fcr ein neues armes Wesen, dass unsere Hilfe braucht.<\/strong><\/p>\n\n\n\n<p><strong>Kontakt:<br><br><a href=\"https:\/\/fritzdogs.de\/\" target=\"_blank\" rel=\"noreferrer noopener\" aria-label=\"https:\/\/fritzdogs.de\/ (\u00f6ffnet in neuem Tab)\">https:\/\/fritzdogs.de\/<\/a><\/strong><\/p>\n","protected":false},"excerpt":{"rendered":"<p>Fritz Dogs ist ein eingetragener Verein, der Hunde aus der Spanischen T\u00f6tung rausholt und diese in Deutschland und Spanien vermittelt. Alle Hunde sind geimpft, entfloht, auf Mittelmeerkrankheiten getestet(Au\u00dfer Welpen), gechippt und zu 99%kastriert, solange sie alt genug sind \ud83d\ude42 Wie kann ich Helfen: Pflegestellen:Du hast Zeit?Du hast Lust Hunden in ein neues Leben zu f\u00fchren?Du [&hellip;]<\/p>\n","protected":false},"author":4,"featured_media":0,"parent":532,"menu_order":0,"comment_status":"closed","ping_status":"closed","template":"","meta":{"footnotes":""},"class_list":["post-538","page","type-page","status-publish","hentry"],"_links":{"self":[{"href":"https:\/\/www.chaoswg.eu\/index.php?rest_route=\/wp\/v2\/pages\/538","targetHints":{"allow":["GET"]}}],"collection":[{"href":"https:\/\/www.chaoswg.eu\/index.php?rest_route=\/wp\/v2\/pages"}],"about":[{"href":"https:\/\/www.chaoswg.eu\/index.php?rest_route=\/wp\/v2\/types\/page"}],"author":[{"embeddable":true,"href":"https:\/\/www.chaoswg.eu\/index.php?rest_route=\/wp\/v2\/users\/4"}],"replies":[{"embeddable":true,"href":"https:\/\/www.chaoswg.eu\/index.php?rest_route=%2Fwp%2Fv2%2Fcomments&post=538"}],"version-history":[{"count":5,"href":"https:\/\/www.chaoswg.eu\/index.php?rest_route=\/wp\/v2\/pages\/538\/revisions"}],"predecessor-version":[{"id":751,"href":"https:\/\/www.chaoswg.eu\/index.php?rest_route=\/wp\/v2\/pages\/538\/revisions\/751"}],"up":[{"embeddable":true,"href":"https:\/\/www.chaoswg.eu\/index.php?rest_route=\/wp\/v2\/pages\/532"}],"wp:attachment":[{"href":"https:\/\/www.chaoswg.eu\/index.php?rest_route=%2Fwp%2Fv2%2Fmedia&parent=538"}],"curies":[{"name":"wp","href":"https:\/\/api.w.org\/{rel}","templated":true}]}}