{"id":253,"date":"2019-01-02T19:55:10","date_gmt":"2019-01-02T18:55:10","guid":{"rendered":"http:\/\/www.chaoswg.eu\/?page_id=253"},"modified":"2019-01-03T20:21:06","modified_gmt":"2019-01-03T19:21:06","slug":"hundesport-training","status":"publish","type":"page","link":"https:\/\/www.chaoswg.eu\/?page_id=253","title":{"rendered":"Hundesport &#038; Training"},"content":{"rendered":"\n<figure class=\"wp-block-image\"><img loading=\"lazy\" decoding=\"async\" width=\"640\" height=\"1136\" src=\"http:\/\/www.chaoswg.eu\/wp-content\/uploads\/2019\/01\/IMG_0587.png\" alt=\"\" class=\"wp-image-466\"\/><figcaption><strong>Privat gehen wir \u00f6fter mit Freunden in die Stadt, Skaterbahn, Bahnhof, Einkaufsstra\u00dfen etc. damit die Hunde lernen mit Menschenrummel, Fahrst\u00fchle, Enten, Autos usw. klar zu kommen. Die Hunde m\u00fcssen mit Alltagssituationen vertraut sein, man muss sich verlassen k\u00f6nnen, \u00c4ngste abbauen etc. Sie sollen einfach gechillt sein und gut an der lockeren Leine durch die Stadt laufen. Das ist mir wichtig. \ud83d\ude42<\/strong><\/figcaption><\/figure>\n\n\n\n<figure class=\"wp-block-image\"><img loading=\"lazy\" decoding=\"async\" width=\"720\" height=\"960\" src=\"http:\/\/www.chaoswg.eu\/wp-content\/uploads\/2019\/01\/47477637_1937373999651256_6535193637406375936_n.jpg\" alt=\"\" class=\"wp-image-469\"\/><figcaption><strong>F\u00fcr die Nase machen wir auch was \ud83d\ude09<br>Privat mit Hundefreunden gehen wir W\u00f6chentlich fast trailen. Das ist eine Sportart, wo Hunde Menschen durch ihren Geruch finden. Sie bekommen eine Geruchsprobe (z. B. einen Handschuh) von der Person die sich versteckt. Der Hund folgt dem Geruch bis sie die Person gefunden haben.<\/strong><\/figcaption><\/figure>\n\n\n\n<figure class=\"wp-block-image\"><img loading=\"lazy\" decoding=\"async\" width=\"1024\" height=\"576\" src=\"http:\/\/www.chaoswg.eu\/wp-content\/uploads\/2019\/01\/5-1024x576.jpg\" alt=\"\" class=\"wp-image-472\"\/><figcaption><strong>Da ich mit Choco nicht mehr in meinem alten Verein \u00fcben konnte brauchte ich eine alternative wo ich die Begleithundepr\u00fcfung machen konnte. So fand ich durch eine Bekannte den Verein vom Hundesportverein S\u00fcderhastedt. Dort mache ich mit den Hunden derzeit Unterordnung. Wobei ich es mit Happy jede Woche mache, da wir an der Begleithundepr\u00fcfung dran sind, mit den anderen beiden einmal im Monat zur Auffrischung \ud83d\ude09<\/strong><br>Bildquelle: http:\/\/hundesportverein-suederhastedt.de\/?attachment_id=4066<\/figcaption><\/figure>\n\n\n\n<figure class=\"wp-block-image\"><img loading=\"lazy\" decoding=\"async\" width=\"4272\" height=\"2848\" src=\"http:\/\/www.chaoswg.eu\/wp-content\/uploads\/2019\/01\/IMG_2971.jpg\" alt=\"\" class=\"wp-image-475\"\/><figcaption><strong>Da ich kein Foto habe, einfach mal irgendeins \ud83d\ude00<br>Mit Grace und Choco, eventuell irgendwann auch Happy bin ich beim Rallye-O dies mache ich 1-2 mal die Woche in unserem Verein. Mit Grace bin ich letztes Jahr schon ein Turnier gelaufen, dies war zwar nicht von Erfolg gekr\u00f6nt, allerdings wenigstens auch kein Dis \ud83d\ude09<\/strong><\/figcaption><\/figure>\n\n\n\n<figure class=\"wp-block-image\"><img loading=\"lazy\" decoding=\"async\" width=\"1000\" height=\"380\" src=\"http:\/\/www.chaoswg.eu\/wp-content\/uploads\/2019\/01\/cropped-HSVS-Banner-online-1_40-Homepage-Kopie.jpg\" alt=\"\" class=\"wp-image-478\"\/><figcaption><strong>In diesem Verein sind wir W\u00f6chentlich. \ud83d\ude42 Dort machen wir Rallye-O und Unterordnung. Neben normalem Training machen wir mit dem Verein auch andere Sachen, Wanderungen, Tierparkbesuche, Weihnachtsfeier, Turniere, etc..<br><br>http:\/\/hundesportverein-suederhastedt.de\/<\/strong><\/figcaption><\/figure>\n\n\n\n<figure class=\"wp-block-image\"><img loading=\"lazy\" decoding=\"async\" width=\"4272\" height=\"2848\" src=\"http:\/\/www.chaoswg.eu\/wp-content\/uploads\/2019\/01\/IMG_2442.jpg\" alt=\"\" class=\"wp-image-487\"\/><figcaption><strong>Neben den vielen Sachen tricksen wir immer mal wieder nebenher. Dies lieben besonders Grace und Choco sehr. Auf diesem Bild seht ihr grad den Trick &#8222;umarmen&#8220;.<\/strong><\/figcaption><\/figure>\n\n\n\n<p><\/p>\n","protected":false},"excerpt":{"rendered":"","protected":false},"author":4,"featured_media":0,"parent":58,"menu_order":10,"comment_status":"closed","ping_status":"closed","template":"","meta":{"footnotes":""},"class_list":["post-253","page","type-page","status-publish","hentry"],"_links":{"self":[{"href":"https:\/\/www.chaoswg.eu\/index.php?rest_route=\/wp\/v2\/pages\/253","targetHints":{"allow":["GET"]}}],"collection":[{"href":"https:\/\/www.chaoswg.eu\/index.php?rest_route=\/wp\/v2\/pages"}],"about":[{"href":"https:\/\/www.chaoswg.eu\/index.php?rest_route=\/wp\/v2\/types\/page"}],"author":[{"embeddable":true,"href":"https:\/\/www.chaoswg.eu\/index.php?rest_route=\/wp\/v2\/users\/4"}],"replies":[{"embeddable":true,"href":"https:\/\/www.chaoswg.eu\/index.php?rest_route=%2Fwp%2Fv2%2Fcomments&post=253"}],"version-history":[{"count":4,"href":"https:\/\/www.chaoswg.eu\/index.php?rest_route=\/wp\/v2\/pages\/253\/revisions"}],"predecessor-version":[{"id":691,"href":"https:\/\/www.chaoswg.eu\/index.php?rest_route=\/wp\/v2\/pages\/253\/revisions\/691"}],"up":[{"embeddable":true,"href":"https:\/\/www.chaoswg.eu\/index.php?rest_route=\/wp\/v2\/pages\/58"}],"wp:attachment":[{"href":"https:\/\/www.chaoswg.eu\/index.php?rest_route=%2Fwp%2Fv2%2Fmedia&parent=253"}],"curies":[{"name":"wp","href":"https:\/\/api.w.org\/{rel}","templated":true}]}}